{"id":338,"date":"2020-07-25T12:51:59","date_gmt":"2020-07-25T12:51:59","guid":{"rendered":"https:\/\/ellaviajaconmigo.com\/?page_id=338"},"modified":"2026-04-07T19:46:41","modified_gmt":"2026-04-07T19:46:41","slug":"ella-viaja-conmigo-explorando-el-mundo-juntas-itinerarios-personalizados-y-aventuras-reales","status":"publish","type":"page","link":"https:\/\/ellaviajaconmigo.com\/?page_id=338","title":{"rendered":"\u00a1\u00a1Bienvenidos!!"},"content":{"rendered":"\r\n<p>Bienvenidos, somos Magaly y Saphira.<\/p>\r\n\r\n\r\n\r\n<figure class=\"wp-block-image size-large is-style-circle-mask\"><img loading=\"lazy\" decoding=\"async\" width=\"768\" height=\"1024\" src=\"https:\/\/ellaviajaconmigo.com\/wp-content\/uploads\/2022\/01\/tempImageVmD0hQ-768x1024.jpg\" alt=\"\" class=\"wp-image-493\" srcset=\"https:\/\/ellaviajaconmigo.com\/wp-content\/uploads\/2022\/01\/tempImageVmD0hQ-768x1024.jpg 768w, https:\/\/ellaviajaconmigo.com\/wp-content\/uploads\/2022\/01\/tempImageVmD0hQ-225x300.jpg 225w, https:\/\/ellaviajaconmigo.com\/wp-content\/uploads\/2022\/01\/tempImageVmD0hQ-1152x1536.jpg 1152w, https:\/\/ellaviajaconmigo.com\/wp-content\/uploads\/2022\/01\/tempImageVmD0hQ-1536x2048.jpg 1536w, https:\/\/ellaviajaconmigo.com\/wp-content\/uploads\/2022\/01\/tempImageVmD0hQ-scaled.jpg 1920w\" sizes=\"auto, (max-width: 768px) 100vw, 768px\" \/><\/figure>\r\n\r\n\r\n\r\n<p class=\"isSelectedEnd\"><span>En <\/span><strong><span>Ella Viaja Conmigo<\/span><\/strong><span> somos mujeres apasionadas por descubrir el mundo. Nos encanta viajar, explorar nuevos destinos, sumergirnos en culturas diferentes y conectar con personas que hacen de cada lugar una experiencia \u00fanica e inolvidable.<\/span><\/p>\r\n<p class=\"isSelectedEnd\"><span>Pero nuestra misi\u00f3n va m\u00e1s all\u00e1 de viajar. Queremos ayudarte a vivir tu propio sue\u00f1o. Por eso, creamos experiencias de viaje aut\u00e9nticas, dise\u00f1ando itinerarios personalizados que se adaptan a tus gustos, necesidades y estilo de vida. Adem\u00e1s, te ofrecemos un servicio completo de reservas, desde hospedaje y actividades hasta detalles especiales,\u00a0 para que solo te preocupes por disfrutar.<\/span><\/p>\r\n<p><span>Creemos que cada viaje debe ser tan \u00fanico como la persona que lo vive. Y estamos aqu\u00ed para acompa\u00f1arte en cada paso, convirtiendo tus ideas en recuerdos inolvidables.<\/span><\/p>\r\n","protected":false},"excerpt":{"rendered":"<p>Bienvenidos, somos Magaly y Saphira. En Ella Viaja Conmigo somos mujeres apasionadas por descubrir el mundo. Nos encanta viajar, explorar nuevos destinos, sumergirnos en culturas diferentes y conectar con personas que hacen de cada lugar una experiencia \u00fanica e inolvidable. Pero nuestra misi\u00f3n va m\u00e1s all\u00e1 de viajar. Queremos ayudarte [&hellip;]<\/p>\n","protected":false},"author":1,"featured_media":0,"parent":9,"menu_order":0,"comment_status":"closed","ping_status":"closed","template":"","meta":{"_themeisle_gutenberg_block_has_review":false,"_kadence_starter_templates_imported_post":false,"footnotes":""},"class_list":["post-338","page","type-page","status-publish","hentry"],"yoast_head":"<!-- This site is optimized with the Yoast SEO plugin v27.3 - https:\/\/yoast.com\/product\/yoast-seo-wordpress\/ -->\n<title>\u00a1\u00a1Bienvenidos!! - ELLA VIAJA CONMIGO<\/title>\n<meta name=\"description\" content=\"Explora el mundo con Ella Viaja Conmigo. Dise\u00f1amos itinerarios \u00fanicos adaptados a tus necesidades de viaje. Itinerarios personalizados y aventuras reales. Vamonos\" \/>\n<meta name=\"robots\" content=\"index, follow, max-snippet:-1, max-image-preview:large, max-video-preview:-1\" \/>\n<link rel=\"canonical\" href=\"https:\/\/ellaviajaconmigo.com\/?page_id=338\" \/>\n<meta property=\"og:locale\" content=\"es_ES\" \/>\n<meta property=\"og:type\" content=\"article\" \/>\n<meta property=\"og:title\" content=\"\u00a1\u00a1Bienvenidos!! - ELLA VIAJA CONMIGO\" \/>\n<meta property=\"og:description\" content=\"Explora el mundo con Ella Viaja Conmigo. Dise\u00f1amos itinerarios \u00fanicos adaptados a tus necesidades de viaje. Itinerarios personalizados y aventuras reales. Vamonos\" \/>\n<meta property=\"og:url\" content=\"https:\/\/ellaviajaconmigo.com\/?page_id=338\" \/>\n<meta property=\"og:site_name\" content=\"ELLA VIAJA CONMIGO\" \/>\n<meta property=\"article:modified_time\" content=\"2026-04-07T19:46:41+00:00\" \/>\n<meta property=\"og:image\" content=\"https:\/\/ellaviajaconmigo.com\/wp-content\/uploads\/2022\/01\/tempImageVmD0hQ-scaled.jpg\" \/>\n\t<meta property=\"og:image:width\" content=\"1920\" \/>\n\t<meta property=\"og:image:height\" content=\"2560\" \/>\n\t<meta property=\"og:image:type\" content=\"image\/jpeg\" \/>\n<meta name=\"twitter:card\" content=\"summary_large_image\" \/>\n<meta name=\"twitter:label1\" content=\"Tiempo de lectura\" \/>\n\t<meta name=\"twitter:data1\" content=\"1 minuto\" \/>\n<script type=\"application\/ld+json\" class=\"yoast-schema-graph\">{\"@context\":\"https:\\\/\\\/schema.org\",\"@graph\":[{\"@type\":\"WebPage\",\"@id\":\"https:\\\/\\\/ellaviajaconmigo.com\\\/?page_id=338\",\"url\":\"https:\\\/\\\/ellaviajaconmigo.com\\\/?page_id=338\",\"name\":\"\u00a1\u00a1Bienvenidos!! - ELLA VIAJA CONMIGO\",\"isPartOf\":{\"@id\":\"https:\\\/\\\/ellaviajaconmigo.com\\\/#website\"},\"primaryImageOfPage\":{\"@id\":\"https:\\\/\\\/ellaviajaconmigo.com\\\/?page_id=338#primaryimage\"},\"image\":{\"@id\":\"https:\\\/\\\/ellaviajaconmigo.com\\\/?page_id=338#primaryimage\"},\"thumbnailUrl\":\"https:\\\/\\\/ellaviajaconmigo.com\\\/wp-content\\\/uploads\\\/2022\\\/01\\\/tempImageVmD0hQ-768x1024.jpg\",\"datePublished\":\"2020-07-25T12:51:59+00:00\",\"dateModified\":\"2026-04-07T19:46:41+00:00\",\"description\":\"Explora el mundo con Ella Viaja Conmigo. Dise\u00f1amos itinerarios \u00fanicos adaptados a tus necesidades de viaje. Itinerarios personalizados y aventuras reales. Vamonos\",\"breadcrumb\":{\"@id\":\"https:\\\/\\\/ellaviajaconmigo.com\\\/?page_id=338#breadcrumb\"},\"inLanguage\":\"es-CO\",\"potentialAction\":[{\"@type\":\"ReadAction\",\"target\":[\"https:\\\/\\\/ellaviajaconmigo.com\\\/?page_id=338\"]}]},{\"@type\":\"ImageObject\",\"inLanguage\":\"es-CO\",\"@id\":\"https:\\\/\\\/ellaviajaconmigo.com\\\/?page_id=338#primaryimage\",\"url\":\"https:\\\/\\\/ellaviajaconmigo.com\\\/wp-content\\\/uploads\\\/2022\\\/01\\\/tempImageVmD0hQ-scaled.jpg\",\"contentUrl\":\"https:\\\/\\\/ellaviajaconmigo.com\\\/wp-content\\\/uploads\\\/2022\\\/01\\\/tempImageVmD0hQ-scaled.jpg\",\"width\":1920,\"height\":2560},{\"@type\":\"BreadcrumbList\",\"@id\":\"https:\\\/\\\/ellaviajaconmigo.com\\\/?page_id=338#breadcrumb\",\"itemListElement\":[{\"@type\":\"ListItem\",\"position\":1,\"name\":\"Inicio\",\"item\":\"https:\\\/\\\/ellaviajaconmigo.com\\\/\"},{\"@type\":\"ListItem\",\"position\":2,\"name\":\"Blog\",\"item\":\"https:\\\/\\\/ellaviajaconmigo.com\\\/?page_id=9\"},{\"@type\":\"ListItem\",\"position\":3,\"name\":\"\u00a1\u00a1Bienvenidos!!\"}]},{\"@type\":\"WebSite\",\"@id\":\"https:\\\/\\\/ellaviajaconmigo.com\\\/#website\",\"url\":\"https:\\\/\\\/ellaviajaconmigo.com\\\/\",\"name\":\"ELLA VIAJA CONMIGO\",\"description\":\"ELLA VIAJA CONMIGO\",\"publisher\":{\"@id\":\"https:\\\/\\\/ellaviajaconmigo.com\\\/#organization\"},\"potentialAction\":[{\"@type\":\"SearchAction\",\"target\":{\"@type\":\"EntryPoint\",\"urlTemplate\":\"https:\\\/\\\/ellaviajaconmigo.com\\\/?s={search_term_string}\"},\"query-input\":{\"@type\":\"PropertyValueSpecification\",\"valueRequired\":true,\"valueName\":\"search_term_string\"}}],\"inLanguage\":\"es-CO\"},{\"@type\":\"Organization\",\"@id\":\"https:\\\/\\\/ellaviajaconmigo.com\\\/#organization\",\"name\":\"ELLA VIAJA CONMIGO\",\"url\":\"https:\\\/\\\/ellaviajaconmigo.com\\\/\",\"logo\":{\"@type\":\"ImageObject\",\"inLanguage\":\"es-CO\",\"@id\":\"https:\\\/\\\/ellaviajaconmigo.com\\\/#\\\/schema\\\/logo\\\/image\\\/\",\"url\":\"https:\\\/\\\/ellaviajaconmigo.com\\\/wp-content\\\/uploads\\\/2025\\\/05\\\/sdgbdfb.png\",\"contentUrl\":\"https:\\\/\\\/ellaviajaconmigo.com\\\/wp-content\\\/uploads\\\/2025\\\/05\\\/sdgbdfb.png\",\"width\":2000,\"height\":1600,\"caption\":\"ELLA VIAJA CONMIGO\"},\"image\":{\"@id\":\"https:\\\/\\\/ellaviajaconmigo.com\\\/#\\\/schema\\\/logo\\\/image\\\/\"}}]}<\/script>\n<!-- \/ Yoast SEO plugin. -->","yoast_head_json":{"title":"\u00a1\u00a1Bienvenidos!! - ELLA VIAJA CONMIGO","description":"Explora el mundo con Ella Viaja Conmigo. Dise\u00f1amos itinerarios \u00fanicos adaptados a tus necesidades de viaje. Itinerarios personalizados y aventuras reales. Vamonos","robots":{"index":"index","follow":"follow","max-snippet":"max-snippet:-1","max-image-preview":"max-image-preview:large","max-video-preview":"max-video-preview:-1"},"canonical":"https:\/\/ellaviajaconmigo.com\/?page_id=338","og_locale":"es_ES","og_type":"article","og_title":"\u00a1\u00a1Bienvenidos!! - ELLA VIAJA CONMIGO","og_description":"Explora el mundo con Ella Viaja Conmigo. Dise\u00f1amos itinerarios \u00fanicos adaptados a tus necesidades de viaje. Itinerarios personalizados y aventuras reales. Vamonos","og_url":"https:\/\/ellaviajaconmigo.com\/?page_id=338","og_site_name":"ELLA VIAJA CONMIGO","article_modified_time":"2026-04-07T19:46:41+00:00","og_image":[{"width":1920,"height":2560,"url":"https:\/\/ellaviajaconmigo.com\/wp-content\/uploads\/2022\/01\/tempImageVmD0hQ-scaled.jpg","type":"image\/jpeg"}],"twitter_card":"summary_large_image","twitter_misc":{"Tiempo de lectura":"1 minuto"},"schema":{"@context":"https:\/\/schema.org","@graph":[{"@type":"WebPage","@id":"https:\/\/ellaviajaconmigo.com\/?page_id=338","url":"https:\/\/ellaviajaconmigo.com\/?page_id=338","name":"\u00a1\u00a1Bienvenidos!! - ELLA VIAJA CONMIGO","isPartOf":{"@id":"https:\/\/ellaviajaconmigo.com\/#website"},"primaryImageOfPage":{"@id":"https:\/\/ellaviajaconmigo.com\/?page_id=338#primaryimage"},"image":{"@id":"https:\/\/ellaviajaconmigo.com\/?page_id=338#primaryimage"},"thumbnailUrl":"https:\/\/ellaviajaconmigo.com\/wp-content\/uploads\/2022\/01\/tempImageVmD0hQ-768x1024.jpg","datePublished":"2020-07-25T12:51:59+00:00","dateModified":"2026-04-07T19:46:41+00:00","description":"Explora el mundo con Ella Viaja Conmigo. Dise\u00f1amos itinerarios \u00fanicos adaptados a tus necesidades de viaje. Itinerarios personalizados y aventuras reales. Vamonos","breadcrumb":{"@id":"https:\/\/ellaviajaconmigo.com\/?page_id=338#breadcrumb"},"inLanguage":"es-CO","potentialAction":[{"@type":"ReadAction","target":["https:\/\/ellaviajaconmigo.com\/?page_id=338"]}]},{"@type":"ImageObject","inLanguage":"es-CO","@id":"https:\/\/ellaviajaconmigo.com\/?page_id=338#primaryimage","url":"https:\/\/ellaviajaconmigo.com\/wp-content\/uploads\/2022\/01\/tempImageVmD0hQ-scaled.jpg","contentUrl":"https:\/\/ellaviajaconmigo.com\/wp-content\/uploads\/2022\/01\/tempImageVmD0hQ-scaled.jpg","width":1920,"height":2560},{"@type":"BreadcrumbList","@id":"https:\/\/ellaviajaconmigo.com\/?page_id=338#breadcrumb","itemListElement":[{"@type":"ListItem","position":1,"name":"Inicio","item":"https:\/\/ellaviajaconmigo.com\/"},{"@type":"ListItem","position":2,"name":"Blog","item":"https:\/\/ellaviajaconmigo.com\/?page_id=9"},{"@type":"ListItem","position":3,"name":"\u00a1\u00a1Bienvenidos!!"}]},{"@type":"WebSite","@id":"https:\/\/ellaviajaconmigo.com\/#website","url":"https:\/\/ellaviajaconmigo.com\/","name":"ELLA VIAJA CONMIGO","description":"ELLA VIAJA CONMIGO","publisher":{"@id":"https:\/\/ellaviajaconmigo.com\/#organization"},"potentialAction":[{"@type":"SearchAction","target":{"@type":"EntryPoint","urlTemplate":"https:\/\/ellaviajaconmigo.com\/?s={search_term_string}"},"query-input":{"@type":"PropertyValueSpecification","valueRequired":true,"valueName":"search_term_string"}}],"inLanguage":"es-CO"},{"@type":"Organization","@id":"https:\/\/ellaviajaconmigo.com\/#organization","name":"ELLA VIAJA CONMIGO","url":"https:\/\/ellaviajaconmigo.com\/","logo":{"@type":"ImageObject","inLanguage":"es-CO","@id":"https:\/\/ellaviajaconmigo.com\/#\/schema\/logo\/image\/","url":"https:\/\/ellaviajaconmigo.com\/wp-content\/uploads\/2025\/05\/sdgbdfb.png","contentUrl":"https:\/\/ellaviajaconmigo.com\/wp-content\/uploads\/2025\/05\/sdgbdfb.png","width":2000,"height":1600,"caption":"ELLA VIAJA CONMIGO"},"image":{"@id":"https:\/\/ellaviajaconmigo.com\/#\/schema\/logo\/image\/"}}]}},"_links":{"self":[{"href":"https:\/\/ellaviajaconmigo.com\/index.php?rest_route=\/wp\/v2\/pages\/338","targetHints":{"allow":["GET"]}}],"collection":[{"href":"https:\/\/ellaviajaconmigo.com\/index.php?rest_route=\/wp\/v2\/pages"}],"about":[{"href":"https:\/\/ellaviajaconmigo.com\/index.php?rest_route=\/wp\/v2\/types\/page"}],"author":[{"embeddable":true,"href":"https:\/\/ellaviajaconmigo.com\/index.php?rest_route=\/wp\/v2\/users\/1"}],"replies":[{"embeddable":true,"href":"https:\/\/ellaviajaconmigo.com\/index.php?rest_route=%2Fwp%2Fv2%2Fcomments&post=338"}],"version-history":[{"count":7,"href":"https:\/\/ellaviajaconmigo.com\/index.php?rest_route=\/wp\/v2\/pages\/338\/revisions"}],"predecessor-version":[{"id":1489,"href":"https:\/\/ellaviajaconmigo.com\/index.php?rest_route=\/wp\/v2\/pages\/338\/revisions\/1489"}],"up":[{"embeddable":true,"href":"https:\/\/ellaviajaconmigo.com\/index.php?rest_route=\/wp\/v2\/pages\/9"}],"wp:attachment":[{"href":"https:\/\/ellaviajaconmigo.com\/index.php?rest_route=%2Fwp%2Fv2%2Fmedia&parent=338"}],"curies":[{"name":"wp","href":"https:\/\/api.w.org\/{rel}","templated":true}]}}